{"id":863,"date":"2020-09-14T07:06:17","date_gmt":"2020-09-14T07:06:17","guid":{"rendered":"http:\/\/n.praguesiesta.com\/jak-se-k-nam-dostat\/"},"modified":"2020-12-08T08:22:40","modified_gmt":"2020-12-08T08:22:40","slug":"how-to-reach-us","status":"publish","type":"page","link":"https:\/\/praguesiesta.com\/en\/how-to-reach-us\/","title":{"rendered":"How to reach us"},"content":{"rendered":"<h1 style=\"text-align: center;\">Jak se k n\u00e1m dostat<\/h1>\n<ul>\n<li><strong>Z leti\u0161t\u011b<br \/>\n<\/strong>se k n\u00e1m nejl\u00e9pe dostanete autobusem \u010d\u00edslo 119, kter\u00fd V\u00e1s doveze na zast\u00e1vku N\u00e1dra\u017e\u00ed Veleslav\u00edn. Zde p\u0159estoup\u00edte na metro a pojedete a\u017e na stanici Starom\u011bstsk\u00e1. Z n\u00ed dojdete k apartm\u00e1nu za necel\u00fdch 7 minut.<\/li>\n<li><strong>Z hlavn\u00edho n\u00e1dra\u017e\u00ed<br \/>\n<\/strong>se k n\u00e1m dostanete tramvajemi \u010d\u00edslo 15 nebo 26. Je to jen p\u00e1r zast\u00e1vek na N\u00e1m\u011bst\u00ed Republiky, odkud jste u n\u00e1s za pouh\u00fdch 5 minut p\u011b\u0161ky.<\/li>\n<li><strong>Z autobusov\u00e9ho n\u00e1dra\u017e\u00ed Florenc<br \/>\n<\/strong>sta\u010d\u00ed nasednout na metro linky B a jet jednu zast\u00e1vku na N\u00e1m\u011bst\u00ed Republiky, odtamtud jste u n\u00e1s za 5 minut p\u011b\u0161ky.<\/li>\n<\/ul>\n","protected":false},"excerpt":{"rendered":"<p>Jak se k n\u00e1m dostat Z leti\u0161t\u011b se k n\u00e1m nejl\u00e9pe dostanete autobusem \u010d\u00edslo 119, kter\u00fd V\u00e1s doveze na zast\u00e1vku N\u00e1dra\u017e\u00ed Veleslav\u00edn. Zde p\u0159estoup\u00edte na metro a pojedete a\u017e na stanici Starom\u011bstsk\u00e1. Z n\u00ed dojdete k apartm\u00e1nu za necel\u00fdch 7 minut. Z hlavn\u00edho n\u00e1dra\u017e\u00ed se k n\u00e1m dostanete tramvajemi \u010d\u00edslo 15 nebo 26. Je to&#8230;<\/p>\n","protected":false},"author":2,"featured_media":0,"parent":0,"menu_order":0,"comment_status":"closed","ping_status":"closed","template":"template-jak-se-k-nam-dostat.php","meta":{"_acf_changed":false,"footnotes":""},"class_list":["post-863","page","type-page","status-publish","hentry"],"acf":[],"_links":{"self":[{"href":"https:\/\/praguesiesta.com\/en\/wp-json\/wp\/v2\/pages\/863","targetHints":{"allow":["GET"]}}],"collection":[{"href":"https:\/\/praguesiesta.com\/en\/wp-json\/wp\/v2\/pages"}],"about":[{"href":"https:\/\/praguesiesta.com\/en\/wp-json\/wp\/v2\/types\/page"}],"author":[{"embeddable":true,"href":"https:\/\/praguesiesta.com\/en\/wp-json\/wp\/v2\/users\/2"}],"replies":[{"embeddable":true,"href":"https:\/\/praguesiesta.com\/en\/wp-json\/wp\/v2\/comments?post=863"}],"version-history":[{"count":0,"href":"https:\/\/praguesiesta.com\/en\/wp-json\/wp\/v2\/pages\/863\/revisions"}],"wp:attachment":[{"href":"https:\/\/praguesiesta.com\/en\/wp-json\/wp\/v2\/media?parent=863"}],"curies":[{"name":"wp","href":"https:\/\/api.w.org\/{rel}","templated":true}]}}